{"id":165,"date":"2015-01-05T01:16:33","date_gmt":"2015-01-05T01:16:33","guid":{"rendered":"http:\/\/localhost:8888\/worker-20121210\/?page_id=165"},"modified":"2016-05-01T08:57:20","modified_gmt":"2016-05-01T06:57:20","slug":"about-us","status":"publish","type":"page","link":"http:\/\/www.ginsburg-bausanierung.de\/?page_id=165","title":{"rendered":"\u00dcber uns"},"content":{"rendered":"<p><img loading=\"lazy\" decoding=\"async\" class=\"aligncenter wp-image-1496 size-full\" src=\"http:\/\/www.ginsburg-bausanierung.de\/wp-content\/uploads\/2015\/01\/ueber_uns.jpg\" alt=\"ueber_uns\" width=\"830\" height=\"336\" srcset=\"http:\/\/www.ginsburg-bausanierung.de\/wp-content\/uploads\/2015\/01\/ueber_uns.jpg 830w, http:\/\/www.ginsburg-bausanierung.de\/wp-content\/uploads\/2015\/01\/ueber_uns-300x121.jpg 300w, http:\/\/www.ginsburg-bausanierung.de\/wp-content\/uploads\/2015\/01\/ueber_uns-768x311.jpg 768w\" sizes=\"auto, (max-width: 830px) 100vw, 830px\" \/><\/p>\n<p class=\"lead\" style=\"text-align: justify;\"><strong>Die Ginsburg Bausanierungs GmbH<\/strong> wurde 2009 gegr\u00fcndet und ist seitdem ein anerkannter Anbieter von Sanierungsarbeiten im Raum <strong>Karlsruhe \/ Rastatt \/ Baden-Baden<\/strong>. Der Betrieb wird von mir, Viktor Ginsburg, geleitet. Mein Team besteht\u00a0aus qualifiziertem Personal, welches auf einen gro\u00dfen und \u00fcber viele Jahre hinweg erworbenen Erfahrungsschatz zur\u00fcckgreift.<\/p>\n<hr \/>\n<p class=\"lead\" style=\"text-align: justify;\">Unser Anspruch ist es, handwerkliche Kunst mit den modernen und kreativen W\u00fcnschen unserer Kunden zu verbinden.<\/p>\n<p class=\"lead\" style=\"text-align: justify;\">Ein zufriedener Kunde ist f\u00fcr uns die beste Werbung und zugleich Anreiz, gute Arbeit fortzusetzen. F\u00fcr uns als kompetenter und verl\u00e4sslicher Dienstleister kommt der <strong>Kunde immer an erster Stelle<\/strong>! Neben der <strong>gestalterischen Planung<\/strong> und der <strong>handwerklichen Umsetzung<\/strong> steht deshalb auch die <strong>individuelle Beratung<\/strong> unserer Kunden im Mittelpunkt.<\/p>\n","protected":false},"excerpt":{"rendered":"<p>Die Ginsburg Bausanierungs GmbH wurde 2009 gegr\u00fcndet und ist seitdem ein anerkannter Anbieter von Sanierungsarbeiten im Raum Karlsruhe \/ Rastatt \/ Baden-Baden. Der Betrieb wird von mir, Viktor Ginsburg, geleitet. Mein Team besteht\u00a0aus qualifiziertem Personal, welches auf einen gro\u00dfen und \u00fcber viele Jahre hinweg erworbenen Erfahrungsschatz zur\u00fcckgreift. Unser Anspruch ist es, handwerkliche Kunst mit den [&hellip;]<\/p>\n","protected":false},"author":1,"featured_media":0,"parent":0,"menu_order":0,"comment_status":"open","ping_status":"open","template":"","meta":{"footnotes":""},"class_list":["post-165","page","type-page","status-publish","hentry"],"_links":{"self":[{"href":"http:\/\/www.ginsburg-bausanierung.de\/index.php?rest_route=\/wp\/v2\/pages\/165","targetHints":{"allow":["GET"]}}],"collection":[{"href":"http:\/\/www.ginsburg-bausanierung.de\/index.php?rest_route=\/wp\/v2\/pages"}],"about":[{"href":"http:\/\/www.ginsburg-bausanierung.de\/index.php?rest_route=\/wp\/v2\/types\/page"}],"author":[{"embeddable":true,"href":"http:\/\/www.ginsburg-bausanierung.de\/index.php?rest_route=\/wp\/v2\/users\/1"}],"replies":[{"embeddable":true,"href":"http:\/\/www.ginsburg-bausanierung.de\/index.php?rest_route=%2Fwp%2Fv2%2Fcomments&post=165"}],"version-history":[{"count":10,"href":"http:\/\/www.ginsburg-bausanierung.de\/index.php?rest_route=\/wp\/v2\/pages\/165\/revisions"}],"predecessor-version":[{"id":1579,"href":"http:\/\/www.ginsburg-bausanierung.de\/index.php?rest_route=\/wp\/v2\/pages\/165\/revisions\/1579"}],"wp:attachment":[{"href":"http:\/\/www.ginsburg-bausanierung.de\/index.php?rest_route=%2Fwp%2Fv2%2Fmedia&parent=165"}],"curies":[{"name":"wp","href":"https:\/\/api.w.org\/{rel}","templated":true}]}}