{"id":306,"date":"2015-02-07T01:10:34","date_gmt":"2015-02-07T01:10:34","guid":{"rendered":"http:\/\/localhost:8888\/20150127-Worker\/?page_id=306"},"modified":"2016-04-29T15:22:37","modified_gmt":"2016-04-29T13:22:37","slug":"our-team","status":"publish","type":"page","link":"http:\/\/www.ginsburg-bausanierung.de\/?page_id=306","title":{"rendered":"Partner"},"content":{"rendered":"<p><!-- Seite Partner mit \u00dcbersicht \u00fcber die -> People (Gesch\u00e4ftspartner&Firmen) --><\/p>\n","protected":false},"excerpt":{"rendered":"","protected":false},"author":1,"featured_media":0,"parent":0,"menu_order":0,"comment_status":"open","ping_status":"open","template":"page-pagebuilder.php","meta":{"footnotes":""},"class_list":["post-306","page","type-page","status-publish","hentry"],"_links":{"self":[{"href":"http:\/\/www.ginsburg-bausanierung.de\/index.php?rest_route=\/wp\/v2\/pages\/306","targetHints":{"allow":["GET"]}}],"collection":[{"href":"http:\/\/www.ginsburg-bausanierung.de\/index.php?rest_route=\/wp\/v2\/pages"}],"about":[{"href":"http:\/\/www.ginsburg-bausanierung.de\/index.php?rest_route=\/wp\/v2\/types\/page"}],"author":[{"embeddable":true,"href":"http:\/\/www.ginsburg-bausanierung.de\/index.php?rest_route=\/wp\/v2\/users\/1"}],"replies":[{"embeddable":true,"href":"http:\/\/www.ginsburg-bausanierung.de\/index.php?rest_route=%2Fwp%2Fv2%2Fcomments&post=306"}],"version-history":[{"count":3,"href":"http:\/\/www.ginsburg-bausanierung.de\/index.php?rest_route=\/wp\/v2\/pages\/306\/revisions"}],"predecessor-version":[{"id":1541,"href":"http:\/\/www.ginsburg-bausanierung.de\/index.php?rest_route=\/wp\/v2\/pages\/306\/revisions\/1541"}],"wp:attachment":[{"href":"http:\/\/www.ginsburg-bausanierung.de\/index.php?rest_route=%2Fwp%2Fv2%2Fmedia&parent=306"}],"curies":[{"name":"wp","href":"https:\/\/api.w.org\/{rel}","templated":true}]}}